{"id":75,"date":"2023-03-19T05:32:30","date_gmt":"2023-03-19T05:32:30","guid":{"rendered":"https:\/\/iamitmm.com\/ads\/?page_id=75"},"modified":"2023-05-09T09:02:10","modified_gmt":"2023-05-09T09:02:10","slug":"country","status":"publish","type":"page","link":"https:\/\/iamitmm.com\/ads\/country\/","title":{"rendered":"List of 244 Countries and Capital City"},"content":{"rendered":"\n<figure class=\"wp-block-table\"><table class=\"has-fixed-layout\"><thead><tr><th>Sr. No.<\/th><th>Country<\/th><th>Capital City<\/th><th>Ad Page<\/th><th>Travel Tag<\/th><\/tr><\/thead><tbody><tr><td><\/td><td><\/td><td><\/td><td><\/td><td><\/td><\/tr><tr><td>1<\/td><td>United Arab Emirates<\/td><td>Abu Dhabi<\/td><td><\/td><td><\/td><\/tr><tr><td>2<\/td><td>Nigeria<\/td><td>Abuja<\/td><td><\/td><td><\/td><\/tr><tr><td>3<\/td><td>Ghana<\/td><td>Accra<\/td><td><\/td><td><\/td><\/tr><tr><td>4<\/td><td>Pitcairn Islands<\/td><td>Adamstown<\/td><td><\/td><td><\/td><\/tr><tr><td>5<\/td><td>Ethiopia<\/td><td>Addis Ababa<\/td><td><\/td><td><\/td><\/tr><tr><td>6<\/td><td>Algeria<\/td><td>Algiers<\/td><td><\/td><td><\/td><\/tr><tr><td>7<\/td><td>Niue<\/td><td>Alofi<\/td><td><\/td><td><\/td><\/tr><tr><td>8<\/td><td>Jordan<\/td><td>Amman<\/td><td><\/td><td><\/td><\/tr><tr><td>9<\/td><td>Netherlands<\/td><td>Amsterdam<\/td><td><\/td><td><\/td><\/tr><tr><td>10<\/td><td>Andorra<\/td><td>Andorra la Vella<\/td><td><\/td><td><\/td><\/tr><tr><td>11<\/td><td>Turkey<\/td><td>Ankara<\/td><td><\/td><td><\/td><\/tr><tr><td>12<\/td><td>Madagascar<\/td><td>Antananarivo<\/td><td><\/td><td><\/td><\/tr><tr><td>13<\/td><td>Samoa<\/td><td>Apia<\/td><td><\/td><td><\/td><\/tr><tr><td>14<\/td><td>Turkmenistan<\/td><td>Ashgabat<\/td><td><\/td><td><\/td><\/tr><tr><td>15<\/td><td>Eritrea<\/td><td>Asmara<\/td><td><\/td><td><\/td><\/tr><tr><td>16<\/td><td>Kazakhstan<\/td><td>Astana<\/td><td><\/td><td><\/td><\/tr><tr><td>17<\/td><td>Paraguay<\/td><td>Asunci\u00f3n<\/td><td><\/td><td><\/td><\/tr><tr><td>18<\/td><td>Greece<\/td><td>Athens<\/td><td><\/td><td><\/td><\/tr><tr><td>19<\/td><td>Cook Islands<\/td><td>Avarua<\/td><td><\/td><td><\/td><\/tr><tr><td>20<\/td><td>Iraq<\/td><td>Baghdad<\/td><td><\/td><td><\/td><\/tr><tr><td>21<\/td><td>Azerbaijan<\/td><td>Baku<\/td><td><\/td><td><\/td><\/tr><tr><td>22<\/td><td>Mali<\/td><td>Bamako<\/td><td><\/td><td><\/td><\/tr><tr><td>23<\/td><td>Brunei<\/td><td>Bandar Seri Begawan<\/td><td><\/td><td><\/td><\/tr><tr><td>24<\/td><td>Thailand<\/td><td>Bangkok<\/td><td><\/td><td><\/td><\/tr><tr><td>25<\/td><td>Central African Republic<\/td><td>Bangui<\/td><td><\/td><td><\/td><\/tr><tr><td>26<\/td><td>Gambia<\/td><td>Banjul<\/td><td><\/td><td><\/td><\/tr><tr><td>27<\/td><td>Saint Kitts and Nevis<\/td><td>Basseterre<\/td><td><\/td><td><\/td><\/tr><tr><td>28<\/td><td>China<\/td><td>Beijing<\/td><td><\/td><td><\/td><\/tr><tr><td>29<\/td><td>Lebanon<\/td><td>Beirut<\/td><td><\/td><td><\/td><\/tr><tr><td>30<\/td><td>Serbia<\/td><td>Belgrade<\/td><td><\/td><td><\/td><\/tr><tr><td>31<\/td><td>Belize<\/td><td>Belmopan<\/td><td><\/td><td><\/td><\/tr><tr><td>32<\/td><td>Germany<\/td><td>Berlin<\/td><td><\/td><td><\/td><\/tr><tr><td>33<\/td><td>Switzerland<\/td><td>Bern<\/td><td><\/td><td><\/td><\/tr><tr><td>34<\/td><td>Kyrgyzstan<\/td><td>Bishkek<\/td><td><\/td><td><\/td><\/tr><tr><td>35<\/td><td>Guinea-Bissau<\/td><td>Bissau<\/td><td><\/td><td><\/td><\/tr><tr><td>36<\/td><td>Colombia<\/td><td>Bogot\u00e1<\/td><td><\/td><td><\/td><\/tr><tr><td>37<\/td><td>Brazil<\/td><td>Bras\u00edlia<\/td><td><\/td><td><\/td><\/tr><tr><td>38<\/td><td>Slovakia<\/td><td>Bratislava<\/td><td><\/td><td><\/td><\/tr><tr><td>39<\/td><td>Republic of the Congo<\/td><td>Brazzaville<\/td><td><\/td><td><\/td><\/tr><tr><td>40<\/td><td>Barbados<\/td><td>Bridgetown<\/td><td><\/td><td><\/td><\/tr><tr><td>41<\/td><td>Belgium<\/td><td>Brussels<\/td><td><\/td><td><\/td><\/tr><tr><td>42<\/td><td>Romania<\/td><td>Bucharest<\/td><td><\/td><td><\/td><\/tr><tr><td>43<\/td><td>Hungary<\/td><td>Budapest<\/td><td><\/td><td><\/td><\/tr><tr><td>44<\/td><td>Argentina<\/td><td>Buenos Aires<\/td><td><\/td><td><\/td><\/tr><tr><td>45<\/td><td>Burundi<\/td><td>Bujumbura<\/td><td><\/td><td><\/td><\/tr><tr><td>46<\/td><td>Egypt<\/td><td>Cairo<\/td><td><\/td><td><\/td><\/tr><tr><td>47<\/td><td>Australia<\/td><td>Canberra<\/td><td><\/td><td><\/td><\/tr><tr><td>48<\/td><td>Venezuela<\/td><td>Caracas<\/td><td><\/td><td><\/td><\/tr><tr><td>49<\/td><td>Saint Lucia<\/td><td>Castries<\/td><td><\/td><td><\/td><\/tr><tr><td>50<\/td><td>French Guiana<\/td><td>Cayenne<\/td><td><\/td><td><\/td><\/tr><tr><td>51<\/td><td>United States Virgin Islands<\/td><td>Charlotte Amalie<\/td><td><\/td><td><\/td><\/tr><tr><td>52<\/td><td>Moldova<\/td><td>Chisinau<\/td><td><\/td><td><\/td><\/tr><tr><td>53<\/td><td>Turks and Caicos Islands<\/td><td>Cockburn Town<\/td><td><\/td><td><\/td><\/tr><tr><td>54<\/td><td>Guinea<\/td><td>Conakry<\/td><td><\/td><td><\/td><\/tr><tr><td>55<\/td><td>Denmark<\/td><td>Copenhagen<\/td><td><\/td><td><\/td><\/tr><tr><td>56<\/td><td>Senegal<\/td><td>Dakar<\/td><td><\/td><td><\/td><\/tr><tr><td>57<\/td><td>Syria<\/td><td>Damascus<\/td><td><\/td><td><\/td><\/tr><tr><td>58<\/td><td>Bangladesh<\/td><td>Dhaka<\/td><td><\/td><td><\/td><\/tr><tr><td>59<\/td><td>East Timor (Timor-Leste)<\/td><td>Dili<\/td><td><\/td><td><\/td><\/tr><tr><td>60<\/td><td>Djibouti<\/td><td>Djibouti<\/td><td><\/td><td><\/td><\/tr><tr><td>61<\/td><td>Tanzania<\/td><td>Dodoma (official)<br>\u2014\u2014\u2014\u2014\u2014\u2014\u2014\u2014\u2014\u2014\u2014\u2014\u2014\u2014\u2014\u2014\u2014\u2014\u2014-<br>Dar es Salaam (former capital; some government offices remaining)<\/td><td><\/td><td><\/td><\/tr><tr><td>62<\/td><td>Qatar<\/td><td>Doha<\/td><td><\/td><td><\/td><\/tr><tr><td>63<\/td><td>Isle of Man<\/td><td>Douglas<\/td><td><\/td><td><\/td><\/tr><tr><td>64<\/td><td>Ireland<\/td><td>Dublin<\/td><td><\/td><td><\/td><\/tr><tr><td>65<\/td><td>Tajikistan<\/td><td>Dushanbe<\/td><td><\/td><td><\/td><\/tr><tr><td>66<\/td><td>Tristan da Cunha<\/td><td>Edinburgh of the Seven Seas<\/td><td><\/td><td><\/td><\/tr><tr><td>67<\/td><td>Sahrawi Arab Democratic Republic&nbsp;<\/td><td>El Aai\u00fan (declared)<\/td><td><\/td><td><\/td><\/tr><tr><td>68<\/td><td>Akrotiri and Dhekelia<\/td><td>Episkopi Cantonment<\/td><td><\/td><td><\/td><\/tr><tr><td>69<\/td><td>Christmas Island<\/td><td>Flying Fish Cove<\/td><td><\/td><td><\/td><\/tr><tr><td>70<\/td><td>Sierra Leone<\/td><td>Freetown<\/td><td><\/td><td><\/td><\/tr><tr><td>71<\/td><td>Tuvalu<\/td><td>Funafuti<\/td><td><\/td><td><\/td><\/tr><tr><td>72<\/td><td>Botswana<\/td><td>Gaborone<\/td><td><\/td><td><\/td><\/tr><tr><td>73<\/td><td>Cayman Islands<\/td><td>George Town<\/td><td><\/td><td><\/td><\/tr><tr><td>74<\/td><td>Ascension Island<\/td><td>Georgetown<\/td><td><\/td><td><\/td><\/tr><tr><td>75<\/td><td>Guyana<\/td><td>Georgetown<\/td><td><\/td><td><\/td><\/tr><tr><td>76<\/td><td>Gibraltar<\/td><td>Gibraltar<\/td><td><\/td><td><\/td><\/tr><tr><td>77<\/td><td>South Georgia and the South Sandwich Islands<\/td><td>Grytviken<\/td><td><\/td><td><\/td><\/tr><tr><td>78<\/td><td>Guatemala<\/td><td>Guatemala City<\/td><td><\/td><td><\/td><\/tr><tr><td>79<\/td><td>Saint Barth\u00e9lemy<\/td><td>Gustavia<\/td><td><\/td><td><\/td><\/tr><tr><td>80<\/td><td>Guam<\/td><td>Hag\u00e5t\u00f1a<\/td><td><\/td><td><\/td><\/tr><tr><td>81<\/td><td>Bermuda<\/td><td>Hamilton<\/td><td><\/td><td><\/td><\/tr><tr><td>82<\/td><td>Easter Island<\/td><td>Hanga Roa<\/td><td><\/td><td><\/td><\/tr><tr><td>83<\/td><td>Vietnam<\/td><td>Hanoi<\/td><td><\/td><td><\/td><\/tr><tr><td>84<\/td><td>Zimbabwe<\/td><td>Harare<\/td><td><\/td><td><\/td><\/tr><tr><td>85<\/td><td>Somaliland<\/td><td>Hargeisa<\/td><td><\/td><td><\/td><\/tr><tr><td>86<\/td><td>Cuba<\/td><td>Havana<\/td><td><\/td><td><\/td><\/tr><tr><td>87<\/td><td>Finland<\/td><td>Helsinki<\/td><td><\/td><td><\/td><\/tr><tr><td>88<\/td><td>Solomon Islands<\/td><td>Honiara<\/td><td><\/td><td><\/td><\/tr><tr><td>89<\/td><td>Pakistan<\/td><td>Islamabad<\/td><td><\/td><td><\/td><\/tr><tr><td>90<\/td><td>Indonesia<\/td><td>Jakarta<\/td><td><\/td><td><\/td><\/tr><tr><td>91<\/td><td>Saint Helena<\/td><td>Jamestown<\/td><td><\/td><td><\/td><\/tr><tr><td>92<\/td><td>Israel<\/td><td>Jerusalem (declared, de facto)<\/td><td><\/td><td><\/td><\/tr><tr><td>93<\/td><td>State of Palestine<\/td><td>Ramallah and Gaza (de facto)<\/td><td><\/td><td><\/td><\/tr><tr><td>94<\/td><td>South Sudan<\/td><td>Juba<\/td><td><\/td><td><\/td><\/tr><tr><td>95<\/td><td>Afghanistan<\/td><td>Kabul<\/td><td><\/td><td><\/td><\/tr><tr><td>96<\/td><td>Uganda<\/td><td>Kampala<\/td><td><\/td><td><\/td><\/tr><tr><td>97<\/td><td>Nepal<\/td><td>Kathmandu<\/td><td><\/td><td><\/td><\/tr><tr><td>98<\/td><td>Sudan<\/td><td>Khartoum<\/td><td><\/td><td><\/td><\/tr><tr><td>99<\/td><td>Ukraine<\/td><td>Kiev<\/td><td><\/td><td><\/td><\/tr><tr><td>100<\/td><td>Rwanda<\/td><td>Kigali<\/td><td><\/td><td><\/td><\/tr><tr><td>101<\/td><td>Jamaica<\/td><td>Kingston<\/td><td><\/td><td><\/td><\/tr><tr><td>102<\/td><td>Norfolk Island<\/td><td>Kingston<\/td><td><\/td><td><\/td><\/tr><tr><td>103<\/td><td>Saint Vincent and the Grenadines<\/td><td>Kingstown<\/td><td><\/td><td><\/td><\/tr><tr><td>104<\/td><td>Democratic Republic of the Congo<\/td><td>Kinshasa<\/td><td><\/td><td><\/td><\/tr><tr><td>105<\/td><td>Malaysia<\/td><td>Kuala Lumpur (official, legislative and royal)<\/td><td><a href=\"https:\/\/iamitmm.com\/ads\/malaysia\/\" data-type=\"page\" data-id=\"827\">View Ads<\/a><\/td><td><\/td><\/tr><tr><td>106<\/td><td>Kuwait<\/td><td>Kuwait City<\/td><td><\/td><td><\/td><\/tr><tr><td>107<\/td><td>Gabon<\/td><td>Libreville<\/td><td><\/td><td><\/td><\/tr><tr><td>108<\/td><td>Malawi<\/td><td>Lilongwe<\/td><td><\/td><td><\/td><\/tr><tr><td>109<\/td><td>Peru<\/td><td>Lima<\/td><td><\/td><td><\/td><\/tr><tr><td>110<\/td><td>Portugal<\/td><td>Lisbon<\/td><td><\/td><td><\/td><\/tr><tr><td>111<\/td><td>Slovenia<\/td><td>Ljubljana<\/td><td><\/td><td><\/td><\/tr><tr><td>112<\/td><td>Togo<\/td><td>Lom\u00e9<\/td><td><\/td><td><\/td><\/tr><tr><td>113<\/td><td>United Kingdom<\/td><td>London<\/td><td><\/td><td><\/td><\/tr><tr><td>114<\/td><td>Angola<\/td><td>Luanda<\/td><td><\/td><td><\/td><\/tr><tr><td>115<\/td><td>Zambia<\/td><td>Lusaka<\/td><td><\/td><td><\/td><\/tr><tr><td>116<\/td><td>Luxembourg<\/td><td>&nbsp;Luxembourg<\/td><td><\/td><td><\/td><\/tr><tr><td>117<\/td><td>Spain<\/td><td>Madrid<\/td><td><\/td><td><\/td><\/tr><tr><td>118<\/td><td>Marshall Islands<\/td><td>Majuro<\/td><td><\/td><td><\/td><\/tr><tr><td>119<\/td><td>Equatorial Guinea<\/td><td>Malabo<\/td><td><\/td><td><\/td><\/tr><tr><td>120<\/td><td>Maldives<\/td><td>Mal\u00e9<\/td><td><\/td><td><\/td><\/tr><tr><td>121<\/td><td>Nicaragua<\/td><td>Managua<\/td><td><\/td><td><\/td><\/tr><tr><td>122<\/td><td>Bahrain<\/td><td>Manama<\/td><td><\/td><td><\/td><\/tr><tr><td>123<\/td><td>Philippines<\/td><td>Manila<\/td><td><\/td><td><\/td><\/tr><tr><td>124<\/td><td>Mozambique<\/td><td>Maputo<\/td><td><\/td><td><\/td><\/tr><tr><td>125<\/td><td>Saint Martin<\/td><td>Marigot<\/td><td><\/td><td><\/td><\/tr><tr><td>126<\/td><td>Lesotho<\/td><td>Maseru<\/td><td><\/td><td><\/td><\/tr><tr><td>127<\/td><td>Wallis and Futuna<\/td><td>Mata-Utu<\/td><td><\/td><td><\/td><\/tr><tr><td>128<\/td><td>Swaziland<\/td><td>Mbabane (administrative)<br>Lobamba (royal and legislative)<\/td><td><\/td><td><\/td><\/tr><tr><td>129<\/td><td>Palau<\/td><td>Melekeok (official)<br>Ngerulmud (seat of government)<\/td><td><\/td><td><\/td><\/tr><tr><td>130<\/td><td>Mexico<\/td><td>Mexico City<\/td><td><\/td><td><\/td><\/tr><tr><td>131<\/td><td>Belarus<\/td><td>Minsk<\/td><td><\/td><td><\/td><\/tr><tr><td>132<\/td><td>Somalia<\/td><td>Mogadishu<\/td><td><\/td><td><\/td><\/tr><tr><td>133<\/td><td>Monaco<\/td><td>Monaco<\/td><td><\/td><td><\/td><\/tr><tr><td>134<\/td><td>Liberia<\/td><td>Monrovia<\/td><td><\/td><td><\/td><\/tr><tr><td>135<\/td><td>Uruguay<\/td><td>Montevideo<\/td><td><\/td><td><\/td><\/tr><tr><td>136<\/td><td>Comoros<\/td><td>Moroni<\/td><td><\/td><td><\/td><\/tr><tr><td>137<\/td><td>Russia<\/td><td>Moscow<\/td><td><\/td><td><\/td><\/tr><tr><td>138<\/td><td>Oman<\/td><td>Muscat<\/td><td><\/td><td><\/td><\/tr><tr><td>139<\/td><td>Kenya<\/td><td>Nairobi<\/td><td><\/td><td><\/td><\/tr><tr><td>140<\/td><td>Bahamas<\/td><td>Nassau<\/td><td><\/td><td><\/td><\/tr><tr><td>141<\/td><td>Burma<\/td><td>Naypyidaw<\/td><td><\/td><td><\/td><\/tr><tr><td>142<\/td><td>Chad<\/td><td>N\u2019Djamena<\/td><td><\/td><td><\/td><\/tr><tr><td>143<\/td><td>India<\/td><td>New Delhi<\/td><td><\/td><td><a href=\"https:\/\/iamitmm.com\/ads\/go\/?s=India\" target=\"_blank\" rel=\"noreferrer noopener\">Go on a tour<\/a><\/td><\/tr><tr><td>144<\/td><td>Niger<\/td><td>Niamey<\/td><td><\/td><td><\/td><\/tr><tr><td>145<\/td><td>Cyprus<\/td><td>Nicosia<\/td><td><\/td><td><\/td><\/tr><tr><td>146<\/td><td>Northern Cyprus<\/td><td>Nicosia<\/td><td><\/td><td><\/td><\/tr><tr><td>147<\/td><td>Mauritania<\/td><td>Nouakchott<\/td><td><\/td><td><\/td><\/tr><tr><td>148<\/td><td>New Caledonia<\/td><td>Noum\u00e9a<\/td><td><\/td><td><\/td><\/tr><tr><td>149<\/td><td>Tonga<\/td><td>Nuku?alofa<\/td><td><\/td><td><\/td><\/tr><tr><td>150<\/td><td>Greenland<\/td><td>Nuuk<\/td><td><\/td><td><\/td><\/tr><tr><td>151<\/td><td>Aruba<\/td><td>Oranjestad<\/td><td><\/td><td><\/td><\/tr><tr><td>152<\/td><td>Norway<\/td><td>Oslo<\/td><td><\/td><td><\/td><\/tr><tr><td>153<\/td><td>Canada<\/td><td>Ottawa<\/td><td><\/td><td><\/td><\/tr><tr><td>154<\/td><td>Burkina Faso<\/td><td>Ouagadougou<\/td><td><\/td><td><\/td><\/tr><tr><td>155<\/td><td>American Samoa<\/td><td>Pago Pago<\/td><td><\/td><td><\/td><\/tr><tr><td>156<\/td><td>Federated States of Micronesia<\/td><td>Palikir<\/td><td><\/td><td><\/td><\/tr><tr><td>157<\/td><td>Panama<\/td><td>Panama City<\/td><td><\/td><td><\/td><\/tr><tr><td>158<\/td><td>French Polynesia<\/td><td>Papeete<\/td><td><\/td><td><\/td><\/tr><tr><td>159<\/td><td>Suriname<\/td><td>Paramaribo<\/td><td><\/td><td><\/td><\/tr><tr><td>160<\/td><td><a href=\"https:\/\/iamitmm.com\/seo-fr-agency\/\">France<\/a><\/td><td>Paris<\/td><td><\/td><td><\/td><\/tr><tr><td>161<\/td><td>Sint Maarten<\/td><td>Philipsburg<\/td><td><\/td><td><\/td><\/tr><tr><td>162<\/td><td>Cambodia<\/td><td>Phnom Penh<\/td><td><\/td><td><\/td><\/tr><tr><td>163<\/td><td>Montserrat<\/td><td>Plymouth (official) \/ Brades Estate (de facto)<\/td><td><\/td><td><\/td><\/tr><tr><td>164<\/td><td>Montenegro<\/td><td>Podgorica (official) \/ Cetinje (seat of the President)<\/td><td><\/td><td><\/td><\/tr><tr><td>165<\/td><td>Mauritius<\/td><td>Port Louis<\/td><td><\/td><td><\/td><\/tr><tr><td>166<\/td><td>Papua New Guinea<\/td><td>Port Moresby<\/td><td><\/td><td><\/td><\/tr><tr><td>167<\/td><td>Vanuatu<\/td><td>Port Vila<\/td><td><\/td><td><\/td><\/tr><tr><td>168<\/td><td>Haiti<\/td><td>Port-au-Prince<\/td><td><\/td><td><\/td><\/tr><tr><td>169<\/td><td>Trinidad and Tobago<\/td><td>Port of Spain<\/td><td><\/td><td><\/td><\/tr><tr><td>170<\/td><td>Benin<\/td><td>Porto-Novo (official) \/ Cotonou (de facto)<\/td><td><\/td><td><\/td><\/tr><tr><td>171<\/td><td>Czech Republic<\/td><td>Prague<\/td><td><\/td><td><\/td><\/tr><tr><td>172<\/td><td>Cape Verde<\/td><td>Praia<\/td><td><\/td><td><\/td><\/tr><tr><td>173<\/td><td>South Africa<\/td><td>Pretoria (executive) \/ Bloemfontein (judicial) \/ Cape Town (legislative)<\/td><td><\/td><td><\/td><\/tr><tr><td>174<\/td><td>Kosovo<\/td><td>Pristina<\/td><td><\/td><td><\/td><\/tr><tr><td>175<\/td><td>North Korea<\/td><td>Pyongyang<\/td><td><\/td><td><\/td><\/tr><tr><td>176<\/td><td>Ecuador<\/td><td>Quito<\/td><td><\/td><td><\/td><\/tr><tr><td>177<\/td><td>Morocco<\/td><td>Rabat<\/td><td><\/td><td><\/td><\/tr><tr><td>178<\/td><td>Iceland<\/td><td>Reykjav\u00edk<\/td><td><\/td><td><\/td><\/tr><tr><td>179<\/td><td>Latvia<\/td><td>Riga<\/td><td><\/td><td><\/td><\/tr><tr><td>180<\/td><td>Saudi Arabia<\/td><td>Riyadh<\/td><td><\/td><td><\/td><\/tr><tr><td>181<\/td><td>British Virgin Islands<\/td><td>Road Town<\/td><td><\/td><td><\/td><\/tr><tr><td>182<\/td><td>Italy<\/td><td>Rome<\/td><td><\/td><td><\/td><\/tr><tr><td>183<\/td><td>Dominica<\/td><td>Roseau<\/td><td><\/td><td><\/td><\/tr><tr><td>184<\/td><td>Northern Mariana Islands<\/td><td>Saipan<\/td><td><\/td><td><\/td><\/tr><tr><td>185<\/td><td>Costa Rica<\/td><td>San Jos\u00e9<\/td><td><\/td><td><\/td><\/tr><tr><td>186<\/td><td>Puerto Rico<\/td><td>San Juan<\/td><td><\/td><td><\/td><\/tr><tr><td>187<\/td><td>San Marino<\/td><td>San Marino<\/td><td><\/td><td><\/td><\/tr><tr><td>188<\/td><td>El Salvador<\/td><td>San Salvador<\/td><td><\/td><td><\/td><\/tr><tr><td>189<\/td><td>Yemen<\/td><td>Sana\u2019a<\/td><td><\/td><td><\/td><\/tr><tr><td>190<\/td><td>Chile<\/td><td>Santiago (official) \/ Valpara\u00edso (legislative)<\/td><td><\/td><td><\/td><\/tr><tr><td>191<\/td><td>Dominican Republic<\/td><td>Santo Domingo<\/td><td><\/td><td><\/td><\/tr><tr><td>192<\/td><td>S\u00e3o Tom\u00e9 and Pr\u00edncipe<\/td><td>S\u00e3o Tom\u00e9<\/td><td><\/td><td><\/td><\/tr><tr><td>193<\/td><td>Bosnia and Herzegovina<\/td><td>Sarajevo<\/td><td><\/td><td><\/td><\/tr><tr><td>194<\/td><td>South Korea<\/td><td>Seoul<\/td><td><\/td><td><\/td><\/tr><tr><td>195<\/td><td>Singapore<\/td><td>Singapore<\/td><td><\/td><td><\/td><\/tr><tr><td>196<\/td><td>Macedonia<\/td><td>Skopje<\/td><td><\/td><td><\/td><\/tr><tr><td>197<\/td><td>Bulgaria<\/td><td>Sofia<\/td><td><\/td><td><\/td><\/tr><tr><td>198<\/td><td>Sri Lanka<\/td><td>Sri Jayawardenepura Kotte (official) \/ Colombo (former capital; has some government offices)<\/td><td><\/td><td><\/td><\/tr><tr><td>199<\/td><td>Grenada<\/td><td>St. George\u2019s<\/td><td><\/td><td><\/td><\/tr><tr><td>200<\/td><td>Jersey<\/td><td>St. Helier<\/td><td><\/td><td><\/td><\/tr><tr><td>201<\/td><td>Antigua and Barbuda<\/td><td>St. John\u2019s<\/td><td><\/td><td><\/td><\/tr><tr><td>202<\/td><td>Guernsey<\/td><td>St. Peter Port<\/td><td><\/td><td><\/td><\/tr><tr><td>203<\/td><td>Saint Pierre and Miquelon<\/td><td>St. Pierre<\/td><td><\/td><td><\/td><\/tr><tr><td>204<\/td><td>Falkland Islands<\/td><td>Stanley<\/td><td><\/td><td><\/td><\/tr><tr><td>205<\/td><td>Nagorno-Karabakh Republic<\/td><td>Stepanakert<\/td><td><\/td><td><\/td><\/tr><tr><td>206<\/td><td>Sweden<\/td><td>Stockholm<\/td><td><\/td><td><\/td><\/tr><tr><td>207<\/td><td>Bolivia<\/td><td>Sucre (constitutional)<br>La Paz (administrative)<\/td><td><\/td><td><\/td><\/tr><tr><td>208<\/td><td>Abkhazia<\/td><td>Sukhumi<\/td><td><\/td><td><\/td><\/tr><tr><td>209<\/td><td>Fiji<\/td><td>Suva<\/td><td><\/td><td><\/td><\/tr><tr><td>210<\/td><td>Taiwan<\/td><td>Taipei<\/td><td><\/td><td><\/td><\/tr><tr><td>211<\/td><td>Estonia<\/td><td>Tallinn<\/td><td><\/td><td><\/td><\/tr><tr><td>212<\/td><td>Kiribati<\/td><td>Tarawa<\/td><td><\/td><td><\/td><\/tr><tr><td>213<\/td><td>Uzbekistan<\/td><td>Tashkent<\/td><td><\/td><td><\/td><\/tr><tr><td>214<\/td><td>Georgia<\/td><td>Tbilisi (official)<br>Kutaisi (legislative)<\/td><td><\/td><td><\/td><\/tr><tr><td>215<\/td><td>Honduras<\/td><td>Tegucigalpa<\/td><td><\/td><td><\/td><\/tr><tr><td>216<\/td><td>Iran<\/td><td>Tehran<\/td><td><\/td><td><\/td><\/tr><tr><td>217<\/td><td>Bhutan<\/td><td>Thimphu<\/td><td><\/td><td><\/td><\/tr><tr><td>218<\/td><td>Albania<\/td><td>Tirana<\/td><td><\/td><td><\/td><\/tr><tr><td>219<\/td><td>Transnistria<\/td><td>Tiraspol<\/td><td><\/td><td><\/td><\/tr><tr><td>220<\/td><td>Japan<\/td><td>Tokyo<\/td><td><\/td><td><\/td><\/tr><tr><td>221<\/td><td>Faroe Islands<\/td><td>T\u00f3rshavn<\/td><td><\/td><td><\/td><\/tr><tr><td>222<\/td><td>Libya<\/td><td>Tripoli<\/td><td><\/td><td><\/td><\/tr><tr><td>223<\/td><td>South Ossetia<\/td><td>Tskhinvali<\/td><td><\/td><td><\/td><\/tr><tr><td>224<\/td><td>Tunisia<\/td><td>Tunis<\/td><td><\/td><td><\/td><\/tr><tr><td>225<\/td><td>Mongolia<\/td><td>Ulan Bator<\/td><td><\/td><td><\/td><\/tr><tr><td>226<\/td><td>Liechtenstein<\/td><td>Vaduz<\/td><td><\/td><td><\/td><\/tr><tr><td>227<\/td><td>Malta<\/td><td>Valletta<\/td><td><\/td><td><\/td><\/tr><tr><td>228<\/td><td>Anguilla<\/td><td>The Valley<\/td><td><\/td><td><\/td><\/tr><tr><td>229<\/td><td>Vatican City<\/td><td>Vatican City<\/td><td><\/td><td><\/td><\/tr><tr><td>230<\/td><td>Seychelles<\/td><td>Victoria<\/td><td><\/td><td><\/td><\/tr><tr><td>231<\/td><td>Austria<\/td><td>Vienna<\/td><td><\/td><td><\/td><\/tr><tr><td>232<\/td><td>Laos<\/td><td>Vientiane<\/td><td><\/td><td><\/td><\/tr><tr><td>233<\/td><td>Lithuania<\/td><td>Vilnius<\/td><td><\/td><td><\/td><\/tr><tr><td>234<\/td><td>Poland<\/td><td>Warsaw<\/td><td><\/td><td><\/td><\/tr><tr><td>235<\/td><td>United States<\/td><td>Washington, D.C.<\/td><td><\/td><td><\/td><\/tr><tr><td>236<\/td><td>New Zealand<\/td><td>Wellington<\/td><td><\/td><td><\/td><\/tr><tr><td>237<\/td><td>Cocos (Keeling) Islands<\/td><td>West Island<\/td><td><\/td><td><\/td><\/tr><tr><td>238<\/td><td>Cura\u00e7ao<\/td><td>Willemstad<\/td><td><\/td><td><\/td><\/tr><tr><td>239<\/td><td>Namibia<\/td><td>Windhoek<\/td><td><\/td><td><\/td><\/tr><tr><td>240<\/td><td>Ivory Coast<\/td><td>Yamoussoukro (official)<br>Abidjan (former capital; still has many government offices)<\/td><td><\/td><td><\/td><\/tr><tr><td>241<\/td><td><a href=\"https:\/\/iamitmm.com\/360-marketing\/google-ads-advertising-management-and-optimization-cameroon\/\">Cameroon<\/a><\/td><td>Yaound\u00e9<\/td><td><\/td><td><\/td><\/tr><tr><td>242<\/td><td>Nauru<\/td><td>Yaren (de facto)<\/td><td><\/td><td><\/td><\/tr><tr><td>243<\/td><td>Armenia<\/td><td>Yerevan<\/td><td><\/td><td><\/td><\/tr><tr><td>244<\/td><td>Croatia<\/td><td>Zagreb<\/td><td><\/td><td><\/td><\/tr><\/tbody><\/table><\/figure>\n","protected":false},"excerpt":{"rendered":"<p>Sr. No. Country Capital City Ad Page Travel Tag 1 United Arab Emirates Abu Dhabi 2 Nigeria Abuja 3 Ghana Accra 4 Pitcairn Islands Adamstown 5 Ethiopia Addis Ababa 6 Algeria Algiers 7 Niue Alofi 8 Jordan Amman 9 Netherlands Amsterdam 10 Andorra Andorra la Vella 11 Turkey Ankara 12 Madagascar Antananarivo 13 Samoa Apia&#8230;<\/p>\n<p class=\"more-link-wrap\"><a href=\"https:\/\/iamitmm.com\/ads\/country\/\" class=\"more-link\">Read More<span class=\"screen-reader-text\"> &ldquo;List of 244 Countries and Capital City&rdquo;<\/span> &raquo;<\/a><\/p>\n","protected":false},"author":1,"featured_media":0,"parent":0,"menu_order":29,"comment_status":"closed","ping_status":"closed","template":"","meta":{"_eb_attr":"","footnotes":""},"class_list":["post-75","page","type-page","status-publish","hentry"],"_links":{"self":[{"href":"https:\/\/iamitmm.com\/ads\/wp-json\/wp\/v2\/pages\/75","targetHints":{"allow":["GET"]}}],"collection":[{"href":"https:\/\/iamitmm.com\/ads\/wp-json\/wp\/v2\/pages"}],"about":[{"href":"https:\/\/iamitmm.com\/ads\/wp-json\/wp\/v2\/types\/page"}],"author":[{"embeddable":true,"href":"https:\/\/iamitmm.com\/ads\/wp-json\/wp\/v2\/users\/1"}],"replies":[{"embeddable":true,"href":"https:\/\/iamitmm.com\/ads\/wp-json\/wp\/v2\/comments?post=75"}],"version-history":[{"count":4,"href":"https:\/\/iamitmm.com\/ads\/wp-json\/wp\/v2\/pages\/75\/revisions"}],"predecessor-version":[{"id":852,"href":"https:\/\/iamitmm.com\/ads\/wp-json\/wp\/v2\/pages\/75\/revisions\/852"}],"wp:attachment":[{"href":"https:\/\/iamitmm.com\/ads\/wp-json\/wp\/v2\/media?parent=75"}],"curies":[{"name":"wp","href":"https:\/\/api.w.org\/{rel}","templated":true}]}}